{"id":16610,"date":"2019-12-13T11:59:55","date_gmt":"2019-12-13T11:59:55","guid":{"rendered":"http:\/\/www.leadersinactionsociety.com\/?page_id=16610"},"modified":"2019-12-18T15:18:12","modified_gmt":"2019-12-18T15:18:12","slug":"jose-avillez","status":"publish","type":"page","link":"https:\/\/www.leadersinactionsociety.com\/index.php\/jose-avillez\/","title":{"rendered":"Jos\u00e9 Avillez"},"content":{"rendered":"<p>[vc_row css_animation=&#8221;element_from_fade&#8221; row_type=&#8221;row&#8221; use_row_as_full_screen_section=&#8221;no&#8221; type=&#8221;grid&#8221; angled_section=&#8221;no&#8221; text_align=&#8221;left&#8221; background_image_as_pattern=&#8221;without_pattern&#8221; background_color=&#8221;#ffffff&#8221; z_index=&#8221;&#8221; css=&#8221;.vc_custom_1564055759069{margin-top: 80px !important;}&#8221;][vc_column width=&#8221;1\/3&#8243;][vc_empty_space height=&#8221;100px&#8221;][vc_single_image image=&#8221;16611&#8243; img_size=&#8221;full&#8221; qode_css_animation=&#8221;&#8221;][vc_empty_space height=&#8221;5px&#8221;][vc_column_text]<\/p>\n<h3>Episode<\/h3>\n<p>[\/vc_column_text][vc_empty_space height=&#8221;5px&#8221;][vc_video link=&#8221;https:\/\/youtu.be\/Mtv5rYzJBuE&#8221; align=&#8221;center&#8221;][vc_empty_space height=&#8221;40px&#8221;][vc_column_text]<\/p>\n<h3>Last Books<\/h3>\n<p>[\/vc_column_text][vc_empty_space height=&#8221;5px&#8221;][vc_column_text]<\/p>\n<p class=\"font_8 under\"><span class=\"color_15\"><a href=\"https:\/\/www.wook.pt\/livro\/combinacoes-improvaveis-jose-avillez\/17463609\" target=\"_blank\" rel=\"noopener undefined noreferrer\" data-content=\"https:\/\/www.amazon.com\/gp\/product\/0062362801\/ref=dbs_a_def_rwt_hsch_vamf_taft_p1_i2\" data-type=\"external\">Combina\u00e7\u00f5es Improv\u00e1veis<\/a> (2016)<\/span><\/p>\n<p class=\"font_8 under\"><span class=\"color_15\"><a href=\"https:\/\/www.wook.pt\/livro\/cantinho-do-avillez-as-receitas-jose-avillez\/15294703\" target=\"_blank\" rel=\"noopener undefined noreferrer\" data-content=\"https:\/\/www.amazon.com\/Winning-Confronting-Toughest-Questions-Business\/dp\/0061241490\/ref=sr_1_1?__mk_pt_BR=%C3%85M%C3%85%C5%BD%C3%95%C3%91&amp;keywords=Winning%3A+The+Answers&amp;qid=1562153719&amp;s=books&amp;sr=1-1\" data-type=\"external\">Cantinho do Avillez &#8211; As Receitas<\/a> (2013)<\/span><\/p>\n<p class=\"font_8 under\"><span class=\"color_15\"><a href=\"https:\/\/www.wook.pt\/livro\/petiscar-com-estilo-jose-avillez\/14939568\" target=\"_blank\" rel=\"noopener undefined noreferrer\" data-content=\"https:\/\/www.amazon.com\/gp\/product\/0060753943\/ref=dbs_a_def_rwt_hsch_vamf_taft_p1_i0\" data-type=\"external\">Petiscar com estilo<\/a> (2013)<\/span><\/p>\n<p class=\"font_8 under\"><a href=\"https:\/\/www.wook.pt\/autor\/jose-avillez\/37101\" target=\"_blank\" rel=\"noopener undefined noreferrer\" data-content=\"https:\/\/www.amazon.com\/s?k=jack+welch&amp;i=stripbooks&amp;crid=3P1CIY0OUS2V1&amp;sprefix=jack+welch%2Cmusic-intl-ship%2C220&amp;ref=nb_sb_ss_fb_1_10\" data-type=\"external\"><span class=\"color_15\">More books from Jos\u00e9 Avillez here<\/span><\/a><\/p>\n<p>[\/vc_column_text][vc_empty_space height=&#8221;40px&#8221;][vc_column_text]<\/p>\n<h3>Official links<\/h3>\n<p>[\/vc_column_text][vc_empty_space height=&#8221;5px&#8221;][vc_column_text]<\/p>\n<p class=\"font_8 under\"><a href=\"https:\/\/www.joseavillez.pt\/pt\/\" target=\"_blank\" rel=\"noopener undefined noreferrer\" data-content=\"https:\/\/jackwelch.strayer.edu\/\" data-type=\"external\">More about Jos\u00e9 Avillez<\/a><\/p>\n<p><a href=\"https:\/\/www.youtube.com\/channel\/UCx3LEgbGVUm6tpzcbkb3YSw\" target=\"_blank\" rel=\"noopener undefined noreferrer\" data-content=\"https:\/\/jackwelch.strayer.edu\/\" data-type=\"external\">Youtube<\/a><\/p>\n<p><a href=\"https:\/\/www.instagram.com\/joseavillez\/\" target=\"_blank\" rel=\"noopener undefined noreferrer\" data-content=\"https:\/\/jackwelch.strayer.edu\/\" data-type=\"external\">Instagram<\/a>[\/vc_column_text][vc_empty_space height=&#8221;40px&#8221;][vc_column_text]<\/p>\n<h3>Hashtags<\/h3>\n<p>[\/vc_column_text][vc_empty_space height=&#8221;5px&#8221;][vc_column_text]<\/p>\n<p class=\"font_8 under\">#joseavillez #chef #cuisine #portugal #recipes #dishes #entrepreneur #restauranteur #restaurants #belcanto #michelinstar #lisbon #cascais #culture #gastronomy #ingredients #scents #flavours #identity #family #team #partnerships #brand #writing #wine #contemporary<\/p>\n<p>[\/vc_column_text][vc_empty_space height=&#8221;60px&#8221;]<div class='q_icon_with_title small normal_icon '><div class=\"icon_holder \" style=\" \"><a itemprop=\"url\" href=\"https:\/\/www.leadersinactionsociety.com\/#leaders\" target=\"\" class=\"q_icon_link\"><span data-icon-type=\"normal\"  data-icon-hover-color=\"#ffc400\" style=\"\" class=\"qode_iwt_icon_holder q_font_awsome_icon fa-2x  \"><i class=\"qodef-icon-linea-icon icon-arrows-circle-right qode_iwt_icon_element\" style=\"color: #ffc400;\" ><\/i><\/span><\/a><\/div><div class=\"icon_text_holder\" style=\"\"><div class=\"icon_text_inner\" style=\"\"><h5 class=\"icon_title\" style=\"\"><\/h5><p style='color: #ffc400'>GO BACK TO LEADERS<\/p><a itemprop='url' class='icon_with_title_link' href='https:\/\/www.leadersinactionsociety.com\/#leaders' target='_self' style='color: rgba(255,255,255,0.01);'>Read More<\/a><\/div><\/div><\/div>[\/vc_column][vc_column width=&#8221;2\/3&#8243;][vc_empty_space height=&#8221;100px&#8221;][vc_column_text]<\/p>\n<h1 style=\"text-align: left;\">JOS\u00c9<\/h1>\n<h1 style=\"text-align: left;\">AVILLEZ<\/h1>\n<p>[\/vc_column_text][vc_empty_space height=&#8221;45px&#8221;][vc_column_text]<\/p>\n<h3 class=\"font_8\"><span class=\"color_15\">MEET JOS\u00c9<\/span><\/h3>\n<p class=\"font_8\">The renowned Portuguese chef and restaurateur was supposed to become an architect but he ended up becoming a top Michelin star awarded chef. He now counts with an empire (although he does not like this word) of more than 30 restaurants that keeps on growing. For Jos\u00e9 there are only two types of cuisine: either good or bad. His signature dishes result from accumulated memories and experiences that shape who he is as a chef and how he perceives the world around him. All the travels Jos\u00e9 made, the scents he experienced, the flavors he tasted, all the landscapes he saw, all the heartbreaks he felt are present in his dishes and in his path. His cooking style, contemporary and Portuguese-inspired has earned him several national and international recognitions, including 2015&#8217;s \u201cChef of the Year\u201d by WINE magazine. He has greatly helped put Portugal in the map as a top culinary destination.<\/p>\n<p>&nbsp;<\/p>\n<p class=\"font_8\">Jos\u00e9 spent his childhood in Cascais near the sea but with a feeling of countryside, since the house had a vegetable garden and a bunch of animals like chickens and rabbits. When the time came to choose a degree, he almost enrolled in architecture but, instead, he studied Business Communication at ISCEM (the Portuguese Higher Institute of Business Communication), with a thesis dedicated to the study of the identity and image of Portuguese gastronomy. He started his career at the Fortaleza do Guincho restaurant in Cascais, Lisbon. He worked at Quinta do Monte d&#8217;Oiro with Jos\u00e9 Bento dos Santos, an eminent Portuguese gastronome, who played a decisive role in the launch of young Jos\u00e9 Avillez in the world of cuisine. He also attended study sessions with Maria de Lourdes Modesto, a huge reference in Portuguese traditional cooking.<\/p>\n<p>&nbsp;<\/p>\n<p class=\"font_8\">Between internships and work trips, Jos\u00e9 went through the kitchens of the world&#8217;s greatest masters, such as Alain Ducasse, \u00c9ric Fr\u00e9chon and Ferran Adri\u00e0. In 2005, after a dinner he prepared at Hotel Bristol in Paris, he was received the &#8220;Chef d&#8217;Avenir&#8221; prize by the International Academy of Gastronomy, composed of representatives from over 40 countries. In the second half of that year, he joined the El Bulli in Roses team, in Barcelona, for a professional internship. From 2008 to 2011, Jos\u00e9 was the executive chef at the Lisbon restaurant \u2018Tavares\u2019. There, in 2009, he received, for the first time, a Michelin star. In the beginning of 2012, Jos\u00e9 Avillez opened the fully renovated \u2018Belcanto\u2019 restaurant, which won a Michelin star that same year. In 2014, Belcanto earned its second Michelin star and in 2015 it was considered one of the best restaurants in the world.<\/p>\n<p>&nbsp;<\/p>\n<p class=\"font_8\">Today, he is the only Portuguese chef with more than 30 restaurants employing more than 1000 people. Besides the restaurants, Jos\u00e9 writes and co-writes cook an recipes books, participates in TV and Radio programs and is the creator of a wine line.<\/p>\n<p>[\/vc_column_text][vc_empty_space height=&#8221;55px&#8221;][\/vc_column][\/vc_row][vc_row css_animation=&#8221;element_from_fade&#8221; row_type=&#8221;row&#8221; use_row_as_full_screen_section=&#8221;no&#8221; type=&#8221;grid&#8221; angled_section=&#8221;no&#8221; text_align=&#8221;left&#8221; background_image_as_pattern=&#8221;without_pattern&#8221; background_color=&#8221;#0a0a0a&#8221; anchor=&#8221;home&#8221; z_index=&#8221;&#8221;][vc_column width=&#8221;1\/4&#8243;][\/vc_column][vc_column width=&#8221;2\/4&#8243;][vc_empty_space height=&#8221;120px&#8221;][vc_column_text]<\/p>\n<p style=\"text-align: center;\"><span class=\"quote\">&#8216;I have great business partners, I have an amazing team and that&#8217;s the only reason why I can do what I do.&#8217;<\/span><\/p>\n<p>[\/vc_column_text][vc_empty_space height=&#8221;20px&#8221;][vc_column_text el_class=&#8221;name-depo&#8221;]<\/p>\n<h5 style=\"text-align: center;\"><span class=\"quote2\">JOS\u00c9 AVILLEZ<\/span><\/h5>\n<p>[\/vc_column_text][vc_empty_space height=&#8221;140px&#8221;][\/vc_column][vc_column width=&#8221;1\/4&#8243;][\/vc_column][\/vc_row]<\/p>\n","protected":false},"excerpt":{"rendered":"<p>[vc_row css_animation=&#8221;element_from_fade&#8221; row_type=&#8221;row&#8221; use_row_as_full_screen_section=&#8221;no&#8221; type=&#8221;grid&#8221; angled_section=&#8221;no&#8221; text_align=&#8221;left&#8221; background_image_as_pattern=&#8221;without_pattern&#8221; background_color=&#8221;#ffffff&#8221; z_index=&#8221;&#8221; css=&#8221;.vc_custom_1564055759069{margin-top: 80px !important;}&#8221;][vc_column width=&#8221;1\/3&#8243;][vc_empty_space height=&#8221;100px&#8221;][vc_single_image image=&#8221;16611&#8243; img_size=&#8221;full&#8221; qode_css_animation=&#8221;&#8221;][vc_empty_space height=&#8221;5px&#8221;][vc_column_text] Episode [\/vc_column_text][vc_empty_space height=&#8221;5px&#8221;][vc_video link=&#8221;https:\/\/youtu.be\/Mtv5rYzJBuE&#8221; align=&#8221;center&#8221;][vc_empty_space height=&#8221;40px&#8221;][vc_column_text] Last Books [\/vc_column_text][vc_empty_space height=&#8221;5px&#8221;][vc_column_text] Combina\u00e7\u00f5es Improv\u00e1veis (2016) Cantinho do Avillez &#8211; As Receitas (2013) Petiscar com estilo (2013) More books&#8230;<\/p>\n","protected":false},"author":2,"featured_media":0,"parent":0,"menu_order":0,"comment_status":"open","ping_status":"open","template":"full_width.php","meta":[],"_links":{"self":[{"href":"https:\/\/www.leadersinactionsociety.com\/index.php\/wp-json\/wp\/v2\/pages\/16610"}],"collection":[{"href":"https:\/\/www.leadersinactionsociety.com\/index.php\/wp-json\/wp\/v2\/pages"}],"about":[{"href":"https:\/\/www.leadersinactionsociety.com\/index.php\/wp-json\/wp\/v2\/types\/page"}],"author":[{"embeddable":true,"href":"https:\/\/www.leadersinactionsociety.com\/index.php\/wp-json\/wp\/v2\/users\/2"}],"replies":[{"embeddable":true,"href":"https:\/\/www.leadersinactionsociety.com\/index.php\/wp-json\/wp\/v2\/comments?post=16610"}],"version-history":[{"count":7,"href":"https:\/\/www.leadersinactionsociety.com\/index.php\/wp-json\/wp\/v2\/pages\/16610\/revisions"}],"predecessor-version":[{"id":16614,"href":"https:\/\/www.leadersinactionsociety.com\/index.php\/wp-json\/wp\/v2\/pages\/16610\/revisions\/16614"}],"wp:attachment":[{"href":"https:\/\/www.leadersinactionsociety.com\/index.php\/wp-json\/wp\/v2\/media?parent=16610"}],"curies":[{"name":"wp","href":"https:\/\/api.w.org\/{rel}","templated":true}]}}