{"id":16690,"date":"2020-02-28T13:22:28","date_gmt":"2020-02-28T13:22:28","guid":{"rendered":"http:\/\/www.leadersinactionsociety.com\/?page_id=16690"},"modified":"2020-03-05T10:14:51","modified_gmt":"2020-03-05T10:14:51","slug":"vasco-de-mello","status":"publish","type":"page","link":"https:\/\/www.leadersinactionsociety.com\/index.php\/vasco-de-mello\/","title":{"rendered":"Vasco de Mello"},"content":{"rendered":"<p>[vc_row css_animation=&#8221;element_from_fade&#8221; row_type=&#8221;row&#8221; use_row_as_full_screen_section=&#8221;no&#8221; type=&#8221;grid&#8221; angled_section=&#8221;no&#8221; text_align=&#8221;left&#8221; background_image_as_pattern=&#8221;without_pattern&#8221; background_color=&#8221;#ffffff&#8221; z_index=&#8221;&#8221; css=&#8221;.vc_custom_1564055759069{margin-top: 80px !important;}&#8221;][vc_column width=&#8221;1\/3&#8243;][vc_empty_space height=&#8221;100px&#8221;][vc_single_image image=&#8221;16692&#8243; img_size=&#8221;full&#8221; qode_css_animation=&#8221;&#8221;][vc_empty_space height=&#8221;5px&#8221;][vc_column_text]<\/p>\n<h3>Episode<\/h3>\n<p>[\/vc_column_text][vc_empty_space height=&#8221;5px&#8221;][vc_video link=&#8221;https:\/\/youtu.be\/1UzyyvPkHaE&#8221; align=&#8221;center&#8221;][vc_empty_space height=&#8221;40px&#8221;][vc_column_text]<\/p>\n<h3>Official links<\/h3>\n<p>[\/vc_column_text][vc_empty_space height=&#8221;5px&#8221;][vc_column_text]<\/p>\n<p class=\"font_8 under\"><a href=\"https:\/\/www.josedemello.pt\/?lang=en\" target=\"_blank\" rel=\"noopener undefined noreferrer\" data-content=\"https:\/\/jackwelch.strayer.edu\/\" data-type=\"external\">More about Grupo Jos\u00e9 de Mello<\/a><\/p>\n<p><a href=\"https:\/\/www.josedemellosaude.pt\/en\" target=\"_blank\" rel=\"noopener undefined noreferrer\" data-content=\"https:\/\/jackwelch.strayer.edu\/\" data-type=\"external\">More about Jos\u00e9 de Mello Sa\u00fade<\/a><\/p>\n<p><a href=\"https:\/\/www.brisa.pt\/en\/\" target=\"_blank\" rel=\"noopener undefined noreferrer\" data-content=\"https:\/\/jackwelch.strayer.edu\/\" data-type=\"external\">More about Brisa<\/a><\/p>\n<p><a href=\"https:\/\/www.bondalti.com\/\" target=\"_blank\" rel=\"noopener undefined noreferrer\" data-content=\"https:\/\/jackwelch.strayer.edu\/\" data-type=\"external\">More about Bondalti<\/a>[\/vc_column_text][vc_empty_space height=&#8221;40px&#8221;][vc_column_text]<\/p>\n<h3>Hashtags<\/h3>\n<p>[\/vc_column_text][vc_empty_space height=&#8221;5px&#8221;][vc_column_text]<\/p>\n<p class=\"font_8 under\">#vascodemello #grupojosedemello #brisa #josedemellosa\u00fade #cuf #bondalti #josedemelloresidenciaseservi\u00e7os #montedaravasqueira #portugal #switzerland #business #leadership #family #legacy #people #teams #responsibility #sustainability #change #agility #diversification #innovation #passion #grow #atmmanuten\u00e7\u00e3ototal #funda\u00e7\u00e3oameliademello<\/p>\n<p>[\/vc_column_text][vc_empty_space height=&#8221;60px&#8221;]<div class='q_icon_with_title small normal_icon '><div class=\"icon_holder \" style=\" \"><a itemprop=\"url\" href=\"https:\/\/www.leadersinactionsociety.com\/#leaders\" target=\"\" class=\"q_icon_link\"><span data-icon-type=\"normal\"  data-icon-hover-color=\"#ffc400\" style=\"\" class=\"qode_iwt_icon_holder q_font_awsome_icon fa-2x  \"><i class=\"qodef-icon-linea-icon icon-arrows-circle-right qode_iwt_icon_element\" style=\"color: #ffc400;\" ><\/i><\/span><\/a><\/div><div class=\"icon_text_holder\" style=\"\"><div class=\"icon_text_inner\" style=\"\"><h5 class=\"icon_title\" style=\"\"><\/h5><p style='color: #ffc400'>GO BACK TO LEADERS<\/p><a itemprop='url' class='icon_with_title_link' href='https:\/\/www.leadersinactionsociety.com\/#leaders' target='_self' style='color: rgba(255,255,255,0.01);'>Read More<\/a><\/div><\/div><\/div>[\/vc_column][vc_column width=&#8221;2\/3&#8243;][vc_empty_space height=&#8221;100px&#8221;][vc_column_text]<\/p>\n<h1 style=\"text-align: left;\">VASCO<\/h1>\n<h1 style=\"text-align: left;\">DE MELLO<\/h1>\n<p>[\/vc_column_text][vc_empty_space height=&#8221;45px&#8221;][vc_column_text]<\/p>\n<h3 class=\"font_8\"><span class=\"color_15\">MEET VASCO<\/span><\/h3>\n<p class=\"font_8\">The Portuguese business leader serves as the Chairman and CEO of Jos\u00e9 de Mello Group and Brisa &#8211; Auto-Estradas de Portugal SA. He is also a Director of other entities, like BCSD &#8211; Conselho Empresarial para o Desenvolvimento Sustent\u00e1vel or Funda\u00e7\u00e3o Am\u00e9lia de Mello. In parallel to his business leadership activities, he still finds some time for his passions: tennis, water skiing and sailing.<\/p>\n<p>&nbsp;<\/p>\n<p>Vasco comes from a family of 12 brothers and sisters with 18 years of separation from oldest to youngest. He comes from a wealthy and famed business dynasty: a descendent of the Marquis of Sabugosa, Counts of S. Lourenco and Cartaxo as well as of the industrial magnate Alfredo da Silva. He describes the first part of his life, while still living in Portugal, as stable. Vasco also states that despite never having met his grandfather\u2019s Alfredo da Silva entrepreneurial spirit was always present in his life and house growing up.<\/p>\n<p>&nbsp;<\/p>\n<p>After the 25th April 1974 Vasco de Mello was obliged to leave Portugal. He settled in Switzerland where he concluded his high school and BA in Business management. In 1978 he worked at Citicorp in NY for 18 months before going to Brazil to be a credit analyst in Crefisul Investment bank in Sao Paulo. Following Sao Paulo Vasco returned to Portugal and started to be involved with the family\u2019s business in the North. Ten years later, Vasco becomes the president of Banco Mello \u2013 he was, at the time, the youngest leader of a banking institution \u2013 and of the Insurance Imp\u00e9rio. Later, he becomes Chairman and CEO of Brisa, the largest private road operator in Portugal and stands out at both national and international levels.<\/p>\n<p>&nbsp;<\/p>\n<p>In 2004 Jos\u00e9 Manuel de Mello passes the torch of the Jos\u00e9 de Mello Group to his son Vasco, at the time 47 years old. Vasco was already executive president of the holding company since 2001. The succession was done smoothly, in a way that shows the good family structure within the business. Vasco was being prepared for the leadership of the dynasty for years.<\/p>\n<p>&nbsp;<\/p>\n<p>Jose de Mello is one of the most famous Portuguese groups with a recent reconstruction and a diverse portfolio. The group\u2019s main areas are:<br \/>\ni) Infrastructure and Mobility: Brisa is an international reference in the management and exploration of motorways. It also has a strong position in the area of mobility.<br \/>\nii) Chemical Industry &#8211; Bondalti, the heir of the old CUF, is the biggest Portuguese actor in que chemical industry with a strong commitment to sustainability.<br \/>\niii) Health &#8211; Jose de Mello Sa\u00fade is the biggest Portuguese private actor of health services. Currently there is an ambitious expansion project of the CUF network.<\/p>\n<p>&nbsp;<\/p>\n<p>The Group also manages a majority stake at Jose de Mello Resid\u00eancias e Servi\u00e7os, which develops solutions and services to a senior population.<\/p>\n<p>&nbsp;<\/p>\n<p>Beyond that, the Jose de Mello family also manages Monte da Ravasqueira &#8211; the estate\u2019s most notable business is the production and selling of wine.[\/vc_column_text][vc_empty_space height=&#8221;55px&#8221;][\/vc_column][\/vc_row][vc_row css_animation=&#8221;element_from_fade&#8221; row_type=&#8221;row&#8221; use_row_as_full_screen_section=&#8221;no&#8221; type=&#8221;grid&#8221; angled_section=&#8221;no&#8221; text_align=&#8221;left&#8221; background_image_as_pattern=&#8221;without_pattern&#8221; background_color=&#8221;#0a0a0a&#8221; anchor=&#8221;home&#8221; z_index=&#8221;&#8221;][vc_column width=&#8221;1\/4&#8243;][\/vc_column][vc_column width=&#8221;2\/4&#8243;][vc_empty_space height=&#8221;120px&#8221;][vc_column_text]<\/p>\n<p style=\"text-align: center;\"><span class=\"quote\">&#8216;Leading change represents having a very clear view of what you want to attain and choosing the right people to lead that change with you&#8217;.<\/span><\/p>\n<p>[\/vc_column_text][vc_empty_space height=&#8221;20px&#8221;][vc_column_text el_class=&#8221;name-depo&#8221;]<\/p>\n<h5 style=\"text-align: center;\"><span class=\"quote2\">VASCO DE MELLO<\/span><\/h5>\n<p>[\/vc_column_text][vc_empty_space height=&#8221;140px&#8221;][\/vc_column][vc_column width=&#8221;1\/4&#8243;][\/vc_column][\/vc_row]<\/p>\n","protected":false},"excerpt":{"rendered":"<p>[vc_row css_animation=&#8221;element_from_fade&#8221; row_type=&#8221;row&#8221; use_row_as_full_screen_section=&#8221;no&#8221; type=&#8221;grid&#8221; angled_section=&#8221;no&#8221; text_align=&#8221;left&#8221; background_image_as_pattern=&#8221;without_pattern&#8221; background_color=&#8221;#ffffff&#8221; z_index=&#8221;&#8221; css=&#8221;.vc_custom_1564055759069{margin-top: 80px !important;}&#8221;][vc_column width=&#8221;1\/3&#8243;][vc_empty_space height=&#8221;100px&#8221;][vc_single_image image=&#8221;16692&#8243; img_size=&#8221;full&#8221; qode_css_animation=&#8221;&#8221;][vc_empty_space height=&#8221;5px&#8221;][vc_column_text] Episode [\/vc_column_text][vc_empty_space height=&#8221;5px&#8221;][vc_video link=&#8221;https:\/\/youtu.be\/1UzyyvPkHaE&#8221; align=&#8221;center&#8221;][vc_empty_space height=&#8221;40px&#8221;][vc_column_text] Official links [\/vc_column_text][vc_empty_space height=&#8221;5px&#8221;][vc_column_text] More about Grupo Jos\u00e9 de Mello More about Jos\u00e9 de Mello Sa\u00fade More about Brisa More&#8230;<\/p>\n","protected":false},"author":2,"featured_media":0,"parent":0,"menu_order":0,"comment_status":"open","ping_status":"open","template":"full_width.php","meta":[],"_links":{"self":[{"href":"https:\/\/www.leadersinactionsociety.com\/index.php\/wp-json\/wp\/v2\/pages\/16690"}],"collection":[{"href":"https:\/\/www.leadersinactionsociety.com\/index.php\/wp-json\/wp\/v2\/pages"}],"about":[{"href":"https:\/\/www.leadersinactionsociety.com\/index.php\/wp-json\/wp\/v2\/types\/page"}],"author":[{"embeddable":true,"href":"https:\/\/www.leadersinactionsociety.com\/index.php\/wp-json\/wp\/v2\/users\/2"}],"replies":[{"embeddable":true,"href":"https:\/\/www.leadersinactionsociety.com\/index.php\/wp-json\/wp\/v2\/comments?post=16690"}],"version-history":[{"count":8,"href":"https:\/\/www.leadersinactionsociety.com\/index.php\/wp-json\/wp\/v2\/pages\/16690\/revisions"}],"predecessor-version":[{"id":16702,"href":"https:\/\/www.leadersinactionsociety.com\/index.php\/wp-json\/wp\/v2\/pages\/16690\/revisions\/16702"}],"wp:attachment":[{"href":"https:\/\/www.leadersinactionsociety.com\/index.php\/wp-json\/wp\/v2\/media?parent=16690"}],"curies":[{"name":"wp","href":"https:\/\/api.w.org\/{rel}","templated":true}]}}