{"id":16705,"date":"2020-03-13T12:09:02","date_gmt":"2020-03-13T12:09:02","guid":{"rendered":"http:\/\/www.leadersinactionsociety.com\/?page_id=16705"},"modified":"2020-03-18T18:08:07","modified_gmt":"2020-03-18T18:08:07","slug":"joao-vieira-de-almeida","status":"publish","type":"page","link":"https:\/\/www.leadersinactionsociety.com\/index.php\/joao-vieira-de-almeida\/","title":{"rendered":"Jo\u00e3o Vieira de Almeida"},"content":{"rendered":"<p>[vc_row css_animation=&#8221;element_from_fade&#8221; row_type=&#8221;row&#8221; use_row_as_full_screen_section=&#8221;no&#8221; type=&#8221;grid&#8221; angled_section=&#8221;no&#8221; text_align=&#8221;left&#8221; background_image_as_pattern=&#8221;without_pattern&#8221; background_color=&#8221;#ffffff&#8221; z_index=&#8221;&#8221; css=&#8221;.vc_custom_1564055759069{margin-top: 80px !important;}&#8221;][vc_column width=&#8221;1\/3&#8243;][vc_empty_space height=&#8221;100px&#8221;][vc_single_image image=&#8221;16706&#8243; img_size=&#8221;full&#8221; qode_css_animation=&#8221;&#8221;][vc_empty_space height=&#8221;5px&#8221;][vc_column_text]<\/p>\n<h3>Episode<\/h3>\n<p>[\/vc_column_text][vc_empty_space height=&#8221;5px&#8221;][vc_video link=&#8221;https:\/\/youtu.be\/AIubp9TQy64&#8243; align=&#8221;center&#8221;][vc_empty_space height=&#8221;40px&#8221;][vc_column_text]<\/p>\n<h3>Official links<\/h3>\n<p>[\/vc_column_text][vc_empty_space height=&#8221;5px&#8221;][vc_column_text]<\/p>\n<p class=\"font_8 under\"><a href=\"https:\/\/www.vda.pt\/en\/\" target=\"_blank\" rel=\"noopener undefined noreferrer\" data-content=\"https:\/\/jackwelch.strayer.edu\/\" data-type=\"external\">More about VdA<\/a><\/p>\n<p>[\/vc_column_text][vc_empty_space height=&#8221;40px&#8221;][vc_column_text]<\/p>\n<h3>Hashtags<\/h3>\n<p>[\/vc_column_text][vc_empty_space height=&#8221;5px&#8221;][vc_column_text]<\/p>\n<p class=\"font_8 under\">#joaovieiradealmeida #vieiradealmeidaeassociados #vascovieiradealmeida #law #lawfirm #lawpractice #portugal #management #leadership #leader #innovation #adventure #diplomacy #creativity #charisma #determination #project #people #perseverance #passion #teamwork #teamspirit #teamplayers #communication #brand #music #drums #mountains<\/p>\n<p>[\/vc_column_text][vc_empty_space height=&#8221;60px&#8221;]<div class='q_icon_with_title small normal_icon '><div class=\"icon_holder \" style=\" \"><a itemprop=\"url\" href=\"https:\/\/www.leadersinactionsociety.com\/#leaders\" target=\"\" class=\"q_icon_link\"><span data-icon-type=\"normal\"  data-icon-hover-color=\"#ffc400\" style=\"\" class=\"qode_iwt_icon_holder q_font_awsome_icon fa-2x  \"><i class=\"qodef-icon-linea-icon icon-arrows-circle-right qode_iwt_icon_element\" style=\"color: #ffc400;\" ><\/i><\/span><\/a><\/div><div class=\"icon_text_holder\" style=\"\"><div class=\"icon_text_inner\" style=\"\"><h5 class=\"icon_title\" style=\"\"><\/h5><p style='color: #ffc400'>GO BACK TO LEADERS<\/p><a itemprop='url' class='icon_with_title_link' href='https:\/\/www.leadersinactionsociety.com\/#leaders' target='_self' style='color: rgba(255,255,255,0.01);'>Read More<\/a><\/div><\/div><\/div>[\/vc_column][vc_column width=&#8221;2\/3&#8243;][vc_empty_space height=&#8221;100px&#8221;][vc_column_text]<\/p>\n<h1 style=\"text-align: left;\">JO\u00c3O<\/h1>\n<h1 style=\"text-align: left;\">VIEIRA DE ALMEIDA<\/h1>\n<p>[\/vc_column_text][vc_empty_space height=&#8221;45px&#8221;][vc_column_text]<\/p>\n<h3 class=\"font_8\"><span class=\"color_15\">MEET JO\u00c3O<\/span><\/h3>\n<p class=\"font_8\">The Portuguese lawyer is the Managing Partner of Vieira de Almeida (VdA) \u2013 one of the most important law firms in Portugal \u2013 where he chairs the Board of Directors and also the Executive Committee. The law firm, which was founded by his father, has grown significantly under Jo\u00e3o\u2019s leadership the last two decades. As a leader, he promotes a strong focus on culture and people, two driving forces that fostered VdA\u2019s unique team spirit and paved the way to its acknowledged innovation capacity and excellent client service. Jo\u00e3o is also a member of various Boards of Directors and is Chair of numerous Shareholders\u2019 Meetings of private and public companies. As an M&amp;A and formerly also a Projects lawyer, Jo\u00e3o advised on many significant transactions, notably in Portugal and in Brazil (where he is also admitted to the Bar).<\/p>\n<p>&nbsp;<\/p>\n<p>His father, Vasco Vieira de Almeida, was a renowned lawyer, self-affirmed Marxist, son of a philosophy teacher and a strong opposer to Ant\u00f3nio Oliveira de Salazar. A man with strong convictions, his father used to argue that he was not a partner type and enjoyed practicing law with just a small team of young lawyers, of which Jo\u00e3o was part as from 1985. It took Jo\u00e3o 10 years to convince his father to create an actual law firm. Jo\u00e3o took over as managing partner of VdA in 1996. Back then the firm had 16 lawyers (most were under 30 years old), today it is one of the three biggest law firms in Portugal with approximately 300 lawyers and a total of 450 professionals working in 13 jurisdictions.<\/p>\n<p>&nbsp;<\/p>\n<p>At the beginning the firm had few, but very important clients \u2013 it was around that time that a strong team-spirited company culture started to form in VdA. Portugal was \u201cstarting\u201d: the country was going from a backwards economy to being a country with deals with several 1st world European countries, which VdA was taping into. During that time, Jo\u00e3o lead one of the cases that became a cornerstone for VdA involving a thermoelectric power plant. It allowed the firm to enter a sector which became very important: Project Finance. Other exciting projects, such as the construction of the Vasco da Gama Bridge, followed. The practice grew enormously at that period \u2013 it went from occupying a single floor to taking over a whole building. It was Jo\u00e3o\u2019s idea to transform VdA into a \u201csociedade\u201d \u2013 and actual law firm \u2013 in 1996. He was also responsible for transforming the image of the firm, inspired by the US and Europe modern practices, and he invested on a communication and brand image department &#8211; a controversial move at the time.<\/p>\n<p>&nbsp;<\/p>\n<p>Jo\u00e3o is recognized as a strong, diplomatic and inclusive leader, but he is also seen by many as a charismatic \u201ccool guy\u201d who has been spotted playing drums in the firm\u2019s house band at events such as \u201cRock \u2018n\u2019 Law\u201d, where bands made up of lawyers raise funds for charity. His many virtues, and in particular, his people management skills, have won him widespread respect and praise. Jo\u00e3o is often referred to as the \u2018imagining partner\u2019 \u2013 and is well known in the firm for his contagious energy and sense of humor which he uses to cross boundaries and disarm people.<\/p>\n<p>&nbsp;<\/p>\n<p>The firm\u2019s ethos is focused on the development of team players and this is reflected in everything, from the values embraced by the firm such as team spirit and communication on a first name basis, to the partnership structure, which is very close to a pure lockstep.[\/vc_column_text][vc_empty_space height=&#8221;55px&#8221;][\/vc_column][\/vc_row][vc_row css_animation=&#8221;element_from_fade&#8221; row_type=&#8221;row&#8221; use_row_as_full_screen_section=&#8221;no&#8221; type=&#8221;grid&#8221; angled_section=&#8221;no&#8221; text_align=&#8221;left&#8221; background_image_as_pattern=&#8221;without_pattern&#8221; background_color=&#8221;#0a0a0a&#8221; anchor=&#8221;home&#8221; z_index=&#8221;&#8221;][vc_column width=&#8221;1\/4&#8243;][\/vc_column][vc_column width=&#8221;2\/4&#8243;][vc_empty_space height=&#8221;120px&#8221;][vc_column_text]<\/p>\n<p style=\"text-align: center;\"><span class=\"quote\">&#8216;I am blessed with the fact that I love people: I love knowing people, understanding people, trying to understand what motivates them. . . But also caring about people. Because people are the center of every business&#8217;.<\/span><\/p>\n<p>[\/vc_column_text][vc_empty_space height=&#8221;20px&#8221;][vc_column_text el_class=&#8221;name-depo&#8221;]<\/p>\n<h5 style=\"text-align: center;\"><span class=\"quote2\">JO\u00c3O VIEIRA DE ALMEIDA<\/span><\/h5>\n<p>[\/vc_column_text][vc_empty_space height=&#8221;140px&#8221;][\/vc_column][vc_column width=&#8221;1\/4&#8243;][\/vc_column][\/vc_row]<\/p>\n","protected":false},"excerpt":{"rendered":"<p>[vc_row css_animation=&#8221;element_from_fade&#8221; row_type=&#8221;row&#8221; use_row_as_full_screen_section=&#8221;no&#8221; type=&#8221;grid&#8221; angled_section=&#8221;no&#8221; text_align=&#8221;left&#8221; background_image_as_pattern=&#8221;without_pattern&#8221; background_color=&#8221;#ffffff&#8221; z_index=&#8221;&#8221; css=&#8221;.vc_custom_1564055759069{margin-top: 80px !important;}&#8221;][vc_column width=&#8221;1\/3&#8243;][vc_empty_space height=&#8221;100px&#8221;][vc_single_image image=&#8221;16706&#8243; img_size=&#8221;full&#8221; qode_css_animation=&#8221;&#8221;][vc_empty_space height=&#8221;5px&#8221;][vc_column_text] Episode [\/vc_column_text][vc_empty_space height=&#8221;5px&#8221;][vc_video link=&#8221;https:\/\/youtu.be\/AIubp9TQy64&#8243; align=&#8221;center&#8221;][vc_empty_space height=&#8221;40px&#8221;][vc_column_text] Official links [\/vc_column_text][vc_empty_space height=&#8221;5px&#8221;][vc_column_text] More about VdA [\/vc_column_text][vc_empty_space height=&#8221;40px&#8221;][vc_column_text] Hashtags [\/vc_column_text][vc_empty_space height=&#8221;5px&#8221;][vc_column_text] #joaovieiradealmeida #vieiradealmeidaeassociados #vascovieiradealmeida #law #lawfirm #lawpractice #portugal #management&#8230;<\/p>\n","protected":false},"author":2,"featured_media":0,"parent":0,"menu_order":0,"comment_status":"open","ping_status":"open","template":"full_width.php","meta":[],"_links":{"self":[{"href":"https:\/\/www.leadersinactionsociety.com\/index.php\/wp-json\/wp\/v2\/pages\/16705"}],"collection":[{"href":"https:\/\/www.leadersinactionsociety.com\/index.php\/wp-json\/wp\/v2\/pages"}],"about":[{"href":"https:\/\/www.leadersinactionsociety.com\/index.php\/wp-json\/wp\/v2\/types\/page"}],"author":[{"embeddable":true,"href":"https:\/\/www.leadersinactionsociety.com\/index.php\/wp-json\/wp\/v2\/users\/2"}],"replies":[{"embeddable":true,"href":"https:\/\/www.leadersinactionsociety.com\/index.php\/wp-json\/wp\/v2\/comments?post=16705"}],"version-history":[{"count":7,"href":"https:\/\/www.leadersinactionsociety.com\/index.php\/wp-json\/wp\/v2\/pages\/16705\/revisions"}],"predecessor-version":[{"id":16713,"href":"https:\/\/www.leadersinactionsociety.com\/index.php\/wp-json\/wp\/v2\/pages\/16705\/revisions\/16713"}],"wp:attachment":[{"href":"https:\/\/www.leadersinactionsociety.com\/index.php\/wp-json\/wp\/v2\/media?parent=16705"}],"curies":[{"name":"wp","href":"https:\/\/api.w.org\/{rel}","templated":true}]}}